{"id":73,"date":"2025-12-03T19:15:17","date_gmt":"2025-12-03T19:15:17","guid":{"rendered":"https:\/\/bromex.com.ro\/?page_id=73"},"modified":"2025-12-15T14:21:16","modified_gmt":"2025-12-15T14:21:16","slug":"about-us","status":"publish","type":"page","link":"https:\/\/bromex.com.ro\/en\/about-us\/","title":{"rendered":"About Us"},"content":{"rendered":"<!--themify_builder_content-->\n<div id=\"themify_builder_content-73\" data-postid=\"73\" class=\"themify_builder_content themify_builder_content-73 themify_builder tf_clear\">\n                    <div  data-css_id=\"fw2t922\" data-lazy=\"1\" class=\"module_row themify_builder_row fullwidth tb_fw2t922 tb_first tf_w wow\" data-tf-animation=\"fadeIn\">\n            <span  class=\"builder_row_cover tf_abs\" data-lazy=\"1\"><\/span>            <div class=\"row_inner col_align_middle tb_col_count_3 tf_box tf_rel\">\n                        <div  data-lazy=\"1\" class=\"module_column tb-column col3-1 tb_oxo7922 first\">\n                    <!-- module divider -->\n<div  class=\"module tf_mw module-divider tb_fd42922 solid    hide-tablet hide-mobile wow\" data-tf-animation=\"fadeInLeft\" style=\"border-width: 7px;border-color: #82bd4a;\" data-lazy=\"1\">\n    <\/div>\n<!-- \/module divider -->\n        <\/div>\n                    <div  data-lazy=\"1\" class=\"module_column tb-column col3-1 tb_t2t9922\">\n                    <!-- module text -->\n<div  class=\"module module-text tb_m5wf922    wow\" data-tf-animation=\"fadeIn\" data-lazy=\"1\">\n        <div  class=\"tb_text_wrap\">\n        <p>About Us<\/p>    <\/div>\n<\/div>\n<!-- \/module text -->        <\/div>\n                    <div  data-lazy=\"1\" class=\"module_column tb-column col3-1 tb_qgwy922 last\">\n                    <!-- module divider -->\n<div  class=\"module tf_mw module-divider tb_jsch922 solid    hide-tablet hide-mobile wow\" data-tf-animation=\"fadeInRight\" style=\"border-width: 7px;border-color: #82bd4a;\" data-lazy=\"1\">\n    <\/div>\n<!-- \/module divider -->\n        <\/div>\n                        <\/div>\n        <\/div>\n                        <div  data-lazy=\"1\" class=\"module_row themify_builder_row tb_5yga922 tf_w wow\" data-tf-animation=\"fadeIn\">\n                        <div class=\"row_inner col_align_top tb_col_count_1 tf_box tf_rel\">\n                        <div  data-lazy=\"1\" class=\"module_column tb-column col-full tb_e4nc922 first\">\n                    <!-- module text -->\n<div  class=\"module module-text tb_281r922    wow\" data-tf-animation=\"fadeIn\" data-lazy=\"1\">\n        <div  class=\"tb_text_wrap\">\n        <p>WELCOME TO THE WORLD OF PERFECT INGREDIENTS!<\/p>    <\/div>\n<\/div>\n<!-- \/module text --><!-- module divider -->\n<div  class=\"module tf_mw module-divider tb_zbss922 solid  divider-custom divider-center wow\" data-tf-animation=\"fadeIn\" style=\"border-width: 5px;border-color: #82bd4a;margin-top: 25px;margin-bottom: 0px;max-width: 80px;\" data-lazy=\"1\">\n    <\/div>\n<!-- \/module divider -->\n        <\/div>\n                        <\/div>\n        <\/div>\n                        <div  data-lazy=\"1\" class=\"module_row themify_builder_row tb_coqt614 tf_w wow\" data-tf-animation=\"fadeIn\">\n                        <div class=\"row_inner col_align_top tb_col_count_2 tf_box tf_rel\">\n                        <div  data-lazy=\"1\" class=\"module_column tb-column col4-2 tb_9rdt614 first\">\n                    <!-- module image -->\n<div  class=\"module module-image tb_1iq2614 image-top   tf_mw\" data-lazy=\"1\" data-lax-translate-y=\"(vh*1) 0,(vh*0) -70\" data-lax=\"true\">\n        <div class=\"image-wrap tf_rel tf_mw\">\n            <img loading=\"lazy\" decoding=\"async\" width=\"1535\" height=\"1017\" src=\"https:\/\/bromex.com.ro\/wp-content\/uploads\/2025\/12\/kim-jestesmy-bromex.webp\" class=\"wp-post-image wp-image-144\" title=\"kim-jestesmy-bromex\" alt=\"kim-jestesmy-bromex\" srcset=\"https:\/\/bromex.com.ro\/wp-content\/uploads\/2025\/12\/kim-jestesmy-bromex.webp 1535w, https:\/\/bromex.com.ro\/wp-content\/uploads\/2025\/12\/kim-jestesmy-bromex-300x199.webp 300w, https:\/\/bromex.com.ro\/wp-content\/uploads\/2025\/12\/kim-jestesmy-bromex-1024x678.webp 1024w, https:\/\/bromex.com.ro\/wp-content\/uploads\/2025\/12\/kim-jestesmy-bromex-768x509.webp 768w\" sizes=\"auto, (max-width: 1535px) 100vw, 1535px\" \/>    \n        <\/div>\n    <!-- \/image-wrap -->\n    \n        <\/div>\n<!-- \/module image -->        <\/div>\n                    <div  data-lazy=\"1\" class=\"module_column tb-column col4-2 tb_p0gj614 last\">\n                    <!-- module text -->\n<div  class=\"module module-text tb_gxci614    wow\" data-tf-animation=\"fadeInRight\" data-lazy=\"1\">\n        <div  class=\"tb_text_wrap\">\n        <p>Who are we?<\/p>    <\/div>\n<\/div>\n<!-- \/module text --><!-- module text -->\n<div  class=\"module module-text tb_amgk614    wow\" data-tf-animation=\"fadeInRight\" data-lazy=\"1\">\n        <div  class=\"tb_text_wrap\">\n        <p>We are a Polish family business with nearly 25 years of experience on the market. We deliver high-quality herbs, spice seeds, groats, flour, and roots to customers around the world. Our portfolio includes nearly 90 carefully selected assortment items.<\/p>    <\/div>\n<\/div>\n<!-- \/module text -->        <\/div>\n                        <\/div>\n        <\/div>\n                        <div  data-lazy=\"1\" class=\"module_row themify_builder_row tb_vkjo22 tf_w wow\" data-tf-animation=\"fadeIn\">\n                        <div class=\"row_inner col_align_top tb_col_count_2 tf_box tf_rel\">\n                        <div  data-lazy=\"1\" class=\"module_column tb-column col4-2 tb_tup022 first\">\n                    <!-- module text -->\n<div  class=\"module module-text tb_96p022    wow\" data-tf-animation=\"fadeInLeft\" data-lazy=\"1\">\n        <div  class=\"tb_text_wrap\">\n        <p>How do we work?<\/p>    <\/div>\n<\/div>\n<!-- \/module text --><!-- module text -->\n<div  class=\"module module-text tb_aflu22    wow\" data-tf-animation=\"fadeInLeft\" data-lazy=\"1\">\n        <div  class=\"tb_text_wrap\">\n        <p>Thanks to many years of experience, we have built an extensive network of trusted raw material suppliers, which allows us to dynamically respond to changing market needs and the latest trends. We are also constantly developing our \u2018farm-to-table\u2019 production model, using our own agricultural land in the Kuyavian-Pomeranian Province. This gives us complete control over every stage of production \u2013 from seed selection, through sowing and growth, to harvesting the crops.<\/p>    <\/div>\n<\/div>\n<!-- \/module text -->        <\/div>\n                    <div  data-lazy=\"1\" class=\"module_column tb-column col4-2 tb_xgv022 last\">\n                    <!-- module image -->\n<div  class=\"module module-image tb_b5fa22 image-top   tf_mw\" data-lazy=\"1\" data-lax-translate-y=\"(vh*1) 0,(vh*0) -70\" data-lax=\"true\">\n        <div class=\"image-wrap tf_rel tf_mw\">\n            <img loading=\"lazy\" decoding=\"async\" width=\"1536\" height=\"1021\" src=\"https:\/\/bromex.com.ro\/wp-content\/uploads\/2025\/12\/jak-pracujemy-bromex-1536x1021-1.webp\" class=\"wp-post-image wp-image-146\" title=\"jak-pracujemy-bromex-1536x1021\" alt=\"jak-pracujemy-bromex-1536x1021\" srcset=\"https:\/\/bromex.com.ro\/wp-content\/uploads\/2025\/12\/jak-pracujemy-bromex-1536x1021-1.webp 1536w, https:\/\/bromex.com.ro\/wp-content\/uploads\/2025\/12\/jak-pracujemy-bromex-1536x1021-1-300x199.webp 300w, https:\/\/bromex.com.ro\/wp-content\/uploads\/2025\/12\/jak-pracujemy-bromex-1536x1021-1-1024x681.webp 1024w, https:\/\/bromex.com.ro\/wp-content\/uploads\/2025\/12\/jak-pracujemy-bromex-1536x1021-1-768x511.webp 768w\" sizes=\"auto, (max-width: 1536px) 100vw, 1536px\" \/>    \n        <\/div>\n    <!-- \/image-wrap -->\n    \n        <\/div>\n<!-- \/module image -->        <\/div>\n                        <\/div>\n        <\/div>\n                        <div  data-lazy=\"1\" class=\"module_row themify_builder_row tb_gfdb321 tf_w wow\" data-tf-animation=\"fadeIn\">\n                        <div class=\"row_inner col_align_top tb_col_count_2 tf_box tf_rel\">\n                        <div  data-lazy=\"1\" class=\"module_column tb-column col4-2 tb_jr6b321 first\">\n                    <!-- module image -->\n<div  class=\"module module-image tb_2vbb321 image-top   tf_mw\" data-lazy=\"1\" data-lax-translate-y=\"(vh*1) 0,(vh*0) -70\" data-lax=\"true\">\n        <div class=\"image-wrap tf_rel tf_mw\">\n            <img loading=\"lazy\" decoding=\"async\" width=\"1536\" height=\"1021\" src=\"https:\/\/bromex.com.ro\/wp-content\/uploads\/2025\/12\/mozliwosci-produkcyjne-bromex-1536x1021-1.webp\" class=\"wp-post-image wp-image-147\" title=\"mozliwosci-produkcyjne-bromex-1536x1021\" alt=\"mozliwosci-produkcyjne-bromex-1536x1021\" srcset=\"https:\/\/bromex.com.ro\/wp-content\/uploads\/2025\/12\/mozliwosci-produkcyjne-bromex-1536x1021-1.webp 1536w, https:\/\/bromex.com.ro\/wp-content\/uploads\/2025\/12\/mozliwosci-produkcyjne-bromex-1536x1021-1-300x199.webp 300w, https:\/\/bromex.com.ro\/wp-content\/uploads\/2025\/12\/mozliwosci-produkcyjne-bromex-1536x1021-1-1024x681.webp 1024w, https:\/\/bromex.com.ro\/wp-content\/uploads\/2025\/12\/mozliwosci-produkcyjne-bromex-1536x1021-1-768x511.webp 768w\" sizes=\"auto, (max-width: 1536px) 100vw, 1536px\" \/>    \n        <\/div>\n    <!-- \/image-wrap -->\n    \n        <\/div>\n<!-- \/module image -->        <\/div>\n                    <div  data-lazy=\"1\" class=\"module_column tb-column col4-2 tb_aslv321 last\">\n                    <!-- module text -->\n<div  class=\"module module-text tb_3qo3321    wow\" data-tf-animation=\"fadeInRight\" data-lazy=\"1\">\n        <div  class=\"tb_text_wrap\">\n        <p>Production<br \/>capabilities<\/p>    <\/div>\n<\/div>\n<!-- \/module text --><!-- module text -->\n<div  class=\"module module-text tb_5mcm321    wow\" data-tf-animation=\"fadeInRight\" data-lazy=\"1\">\n        <div  class=\"tb_text_wrap\">\n        <p>From the very beginning of the company\u2019s existence, we have focused on developing our machinery park and warehouse space. Investment and development are embedded in our company\u2019s DNA, which is why we have grain cleaning lines, lines for processing mustard into flour, our own herb drying plants, cryogenic grinding lines, and lines for sterilising herbs and spices. We will also be launching our own groats factory in the near future.<\/p>    <\/div>\n<\/div>\n<!-- \/module text -->        <\/div>\n                        <\/div>\n        <\/div>\n                        <div  data-lazy=\"1\" class=\"module_row themify_builder_row tb_mwvx963 tf_w\">\n                        <div class=\"row_inner col_align_top tb_col_count_1 tf_box tf_rel\">\n                        <div  data-lazy=\"1\" class=\"module_column tb-column col-full tb_lwqy963 first\">\n                    <!-- module video -->\n<div  class=\"module module-video tb_edci159 video-top  \" data-lazy=\"1\">\n                    <div class=\"video-wrap-outer\">\n            <div class=\"video-wrap tf_rel tf_overflow\">\n                                    <noscript><iframe data-no-script src=\"https:\/\/www.youtube.com\/embed\/mG7hEjYBi_A?pip=1&#038;playsinline=1&#038;controls=0\" allow=\"accelerometer;encrypted-media;gyroscope;picture-in-picture;fullscreen\" class=\"tf_abs tf_w tf_h\"><\/iframe><\/noscript>\n                                                                <div class=\"tb_video_overlay tf_abs_t tf_w tf_h\">\n                            <div class=\"tb_video_play tf_abs_c\"><\/div>\n                          \n                        <img loading=\"lazy\" decoding=\"async\" width=\"1536\" height=\"864\" src=\"https:\/\/bromex.com.ro\/wp-content\/uploads\/2025\/12\/yt-miniaturka-wiatrak-1536x864-1.webp\" class=\"wp-post-image wp-image-149\" style=\"width:100%;object-fit:cover\" title=\"yt-miniaturka-wiatrak-1536x864\" alt=\"yt-miniaturka-wiatrak-1536x864\" srcset=\"https:\/\/bromex.com.ro\/wp-content\/uploads\/2025\/12\/yt-miniaturka-wiatrak-1536x864-1.webp 1536w, https:\/\/bromex.com.ro\/wp-content\/uploads\/2025\/12\/yt-miniaturka-wiatrak-1536x864-1-300x169.webp 300w, https:\/\/bromex.com.ro\/wp-content\/uploads\/2025\/12\/yt-miniaturka-wiatrak-1536x864-1-1024x576.webp 1024w, https:\/\/bromex.com.ro\/wp-content\/uploads\/2025\/12\/yt-miniaturka-wiatrak-1536x864-1-768x432.webp 768w\" sizes=\"auto, (max-width: 1536px) 100vw, 1536px\" \/>                                                <\/div>\n                      \n                                <\/div>\n            <!-- \/video-wrap -->\n        <\/div>\n        <!-- \/video-wrap-outer -->\n            <\/div>\n        <\/div>\n                        <\/div>\n        <\/div>\n                        <div  data-lazy=\"1\" class=\"module_row themify_builder_row tb_6by7922 tf_w hide-desktop hide-tablet hide-tablet_landscape hide-mobile wow\" data-tf-animation=\"fadeIn\">\n                        <div class=\"row_inner col_align_top tb_col_count_1 tf_box tf_rel\">\n                        <div  data-lazy=\"1\" class=\"module_column tb-column col-full tb_3jd9922 first\">\n                    <!-- module text -->\n<div  class=\"module module-text tb_vmgk922    wow\" data-tf-animation=\"fadeIn\" data-lazy=\"1\">\n        <div  class=\"tb_text_wrap\">\n        <p>Company History \u2013 Timeline<\/p>    <\/div>\n<\/div>\n<!-- \/module text --><!-- module divider -->\n<div  class=\"module tf_mw module-divider tb_ivz4585 solid  divider-custom divider-center wow\" data-tf-animation=\"fadeIn\" style=\"border-width: 5px;border-color: #73b03b;margin-top: 25px;margin-bottom: 65px;max-width: 100px;\" data-lazy=\"1\">\n    <\/div>\n<!-- \/module divider -->\n        <\/div>\n                        <\/div>\n        <\/div>\n                        <div  data-lazy=\"1\" class=\"module_row themify_builder_row tb_090v289 tf_w hide-desktop hide-tablet hide-tablet_landscape hide-mobile\">\n                        <div class=\"row_inner col_align_top tb_col_count_1 tf_box tf_rel\">\n                        <div  data-lazy=\"1\" class=\"module_column tb-column col-full tb_k0t2289 first\">\n                    <!-- module plain text -->\n<div  class=\"module module-plain-text tb_7l2x909 \" data-lazy=\"1\">\n        <div class=\"tb_text_wrap\">\n    \t\t\t<!-- Cool Timeline Free V3.1 -->\n\t\t\t<div class=\"ctl-wrapper\" role=\"region\" aria-label=\"Timeline\">\n\t\t\t\t\t\t\t\t<div id=\"cool_timeline_1\" class=\"cool-timeline-wrapper ctl-both-sided ctl-vertical-wrapper\" >\n\t\t\t\t\t<div class=\"ctl-start\"><\/div>\n\t\t\t\t\t<!-- Timeline Container -->\n\t\t\t\t\t<div class=\"ctl-timeline ctl-timeline-container\" data-animation=\"none\">\n\t\t\t\t\t\t<!-- Center Line -->\n\t\t\t\t\t\t<div class=\"ctl-inner-line\" role=\"presentation\"><\/div>\n\t\t\t\t\t\t<!-- Timeline Content --><div  id=\"ctl-story-169\" class=\"ctl-story ctl-story-icon odd ctl-story-right\" data-aos=\"none\"   data-story-index=\"1\" role=\"article\"><!-- Story Icon --><div class=\"ctl-icon\"><i class=\"fa fa-clock-o\" aria-hidden=\"true\"><\/i><\/div> <!-- Story Arrow --><div class=\"ctl-arrow\"><\/div><!-- Story Content --><div class=\"ctl-content\"><!-- Story Title --><div class=\"ctl-title story-169\" aria-label=\"2\">April 2024<\/div><!-- Story Description --><div class=\"ctl-description\"><p>Bromex Sp. z o.o. modernizes the Groats Production Plant<\/p>\n<\/div><\/div><\/div><!-- Timeline Content --><div  id=\"ctl-story-168\" class=\"ctl-story ctl-story-icon even ctl-story-left\" data-aos=\"none\"   data-story-index=\"2\" role=\"article\"><!-- Story Icon --><div class=\"ctl-icon\"><i class=\"fa fa-clock-o\" aria-hidden=\"true\"><\/i><\/div> <!-- Story Arrow --><div class=\"ctl-arrow\"><\/div><!-- Story Content --><div class=\"ctl-content\"><!-- Story Title --><div class=\"ctl-title story-168\" aria-label=\"2\">May 2023<\/div><!-- Story Description --><div class=\"ctl-description\"><p>Refreshing the company logo<\/p>\n<\/div><\/div><\/div><!-- Timeline Content --><div  id=\"ctl-story-167\" class=\"ctl-story ctl-story-icon odd ctl-story-right\" data-aos=\"none\"   data-story-index=\"3\" role=\"article\"><!-- Story Icon --><div class=\"ctl-icon\"><i class=\"fa fa-clock-o\" aria-hidden=\"true\"><\/i><\/div> <!-- Story Arrow --><div class=\"ctl-arrow\"><\/div><!-- Story Content --><div class=\"ctl-content\"><!-- Story Title --><div class=\"ctl-title story-167\" aria-label=\"2\">October 2022<\/div><!-- Story Description --><div class=\"ctl-description\"><p>Bromex Sp. z o.o. launches a Mustard Processing Plant<\/p>\n<\/div><\/div><\/div><!-- Timeline Content --><div  id=\"ctl-story-166\" class=\"ctl-story ctl-story-icon even ctl-story-left\" data-aos=\"none\"   data-story-index=\"4\" role=\"article\"><!-- Story Icon --><div class=\"ctl-icon\"><i class=\"fa fa-clock-o\" aria-hidden=\"true\"><\/i><\/div> <!-- Story Arrow --><div class=\"ctl-arrow\"><\/div><!-- Story Content --><div class=\"ctl-content\"><!-- Story Title --><div class=\"ctl-title story-166\" aria-label=\"2\">July 2022<\/div><!-- Story Description --><div class=\"ctl-description\"><p>Vega Dry launches a new Production Plant in P\u0142owce \u2013 the second herb drying plant is launched.<\/p>\n<\/div><\/div><\/div><!-- Timeline Content --><div  id=\"ctl-story-165\" class=\"ctl-story ctl-story-icon odd ctl-story-right\" data-aos=\"none\"   data-story-index=\"5\" role=\"article\"><!-- Story Icon --><div class=\"ctl-icon\"><i class=\"fa fa-clock-o\" aria-hidden=\"true\"><\/i><\/div> <!-- Story Arrow --><div class=\"ctl-arrow\"><\/div><!-- Story Content --><div class=\"ctl-content\"><!-- Story Title --><div class=\"ctl-title story-165\" aria-label=\"2\">January 2022<\/div><!-- Story Description --><div class=\"ctl-description\"><p>Transformation of the general partnership into a limited liability company takes place \u2013 Bromex Sp. z o.o. Sp. z o.o.<\/p>\n<\/div><\/div><\/div><!-- Timeline Content --><div  id=\"ctl-story-164\" class=\"ctl-story ctl-story-icon even ctl-story-left\" data-aos=\"none\"   data-story-index=\"6\" role=\"article\"><!-- Story Icon --><div class=\"ctl-icon\"><i class=\"fa fa-clock-o\" aria-hidden=\"true\"><\/i><\/div> <!-- Story Arrow --><div class=\"ctl-arrow\"><\/div><!-- Story Content --><div class=\"ctl-content\"><!-- Story Title --><div class=\"ctl-title story-164\" aria-label=\"2\">March 2021<\/div><!-- Story Description --><div class=\"ctl-description\"><p>The limited partnership is transformed into a general partnership under the name Bromex Poland Wolniakowski Broniarek Sp\u00f3\u0142ka Jawna<\/p>\n<\/div><\/div><\/div><!-- Timeline Content --><div  id=\"ctl-story-163\" class=\"ctl-story ctl-story-icon odd ctl-story-right\" data-aos=\"none\"   data-story-index=\"7\" role=\"article\"><!-- Story Icon --><div class=\"ctl-icon\"><i class=\"fa fa-clock-o\" aria-hidden=\"true\"><\/i><\/div> <!-- Story Arrow --><div class=\"ctl-arrow\"><\/div><!-- Story Content --><div class=\"ctl-content\"><!-- Story Title --><div class=\"ctl-title story-163\" aria-label=\"2\">March 2020<\/div><!-- Story Description --><div class=\"ctl-description\"><p>Consolidation of BROMARK S.C. and BROMEX Poland Sp. z o.o. Sp\u00f3\u0142ka Komandytowa<\/p>\n<\/div><\/div><\/div><!-- Timeline Content --><div  id=\"ctl-story-162\" class=\"ctl-story ctl-story-icon even ctl-story-left\" data-aos=\"none\"   data-story-index=\"8\" role=\"article\"><!-- Story Icon --><div class=\"ctl-icon\"><i class=\"fa fa-clock-o\" aria-hidden=\"true\"><\/i><\/div> <!-- Story Arrow --><div class=\"ctl-arrow\"><\/div><!-- Story Content --><div class=\"ctl-content\"><!-- Story Title --><div class=\"ctl-title story-162\" aria-label=\"2\">March 2017<\/div><!-- Story Description --><div class=\"ctl-description\"><p>BROMEX POLAND Sp. z o o. Sp\u00f3\u0142ka Komandytowa acquires premises located in Be\u0142chat\u00f3w at Chmielowskiego Street and launches the Production Plant in Be\u0142chat\u00f3w<\/p>\n<\/div><\/div><\/div><!-- Timeline Content --><div  id=\"ctl-story-161\" class=\"ctl-story ctl-story-icon odd ctl-story-right\" data-aos=\"none\"   data-story-index=\"9\" role=\"article\"><!-- Story Icon --><div class=\"ctl-icon\"><i class=\"fa fa-clock-o\" aria-hidden=\"true\"><\/i><\/div> <!-- Story Arrow --><div class=\"ctl-arrow\"><\/div><!-- Story Content --><div class=\"ctl-content\"><!-- Story Title --><div class=\"ctl-title story-161\" aria-label=\"2\">February 2016<\/div><!-- Story Description --><div class=\"ctl-description\"><p>BROMEX POLAND Sp. z o.o. Sp\u00f3\u0142ka Komandytowa is established<\/p>\n<\/div><\/div><\/div><!-- Timeline Content --><div  id=\"ctl-story-160\" class=\"ctl-story ctl-story-icon even ctl-story-left\" data-aos=\"none\"   data-story-index=\"10\" role=\"article\"><!-- Story Icon --><div class=\"ctl-icon\"><i class=\"fa fa-clock-o\" aria-hidden=\"true\"><\/i><\/div> <!-- Story Arrow --><div class=\"ctl-arrow\"><\/div><!-- Story Content --><div class=\"ctl-content\"><!-- Story Title --><div class=\"ctl-title story-160\" aria-label=\"2\">September 2015<\/div><!-- Story Description --><div class=\"ctl-description\"><p>Vega Dry launches Production Plants in P\u0142owce and Wola Wi\u0105zowa<\/p>\n<\/div><\/div><\/div>\t\t\t\t\t<\/div>\n\t\t\t\t\t<div class=\"ctl-end\"><\/div>\n\t\t\t\t\t<nav class=\"ctl-pagination\" aria-label=\"Timeline Navigation\"><span class=\"page-numbers ctl-page-num\" role=\"status\"> Page 1 of 2<\/span> <span aria-current=\"page\" class=\"page-numbers current\">1<\/span>\n<a class=\"page-numbers\" href=\"https:\/\/bromex.com.ro\/en\/wp-json\/wp\/v2\/pages\/73\/page\/2\/\">2<\/a>\n<a class=\"next page-numbers\" href=\"https:\/\/bromex.com.ro\/en\/wp-json\/wp\/v2\/pages\/73\/page\/2\/\"><svg xmlns=\"http:\/\/www.w3.org\/2000\/svg\" height=\"1em\" viewBox=\"0 0 448 512\">\n\t\t\t\t<path d=\"M224.3 273l-136 136c-9.4 9.4-24.6 9.4-33.9 0l-22.6-22.6c-9.4-9.4-9.4-24.6 0-33.9l96.4-96.4-96.4-96.4c-9.4-9.4-9.4-24.6 0-33.9L54.3 103c9.4-9.4 24.6-9.4 33.9 0l136 136c9.5 9.4 9.5 24.6.1 34zm192-34l-136-136c-9.4-9.4-24.6-9.4-33.9 0l-22.6 22.6c-9.4 9.4-9.4 24.6 0 33.9l96.4 96.4-96.4 96.4c-9.4 9.4-9.4 24.6 0 33.9l22.6 22.6c9.4 9.4 24.6 9.4 33.9 0l136-136c9.4-9.2 9.4-24.4 0-33.8z\"\/>\n\t\t\t\t<\/svg><\/a><\/nav>\t\t\t\t<\/div>\n\t\t\t<\/div>\n\t\t\t    <\/div>\n<\/div>\n<!-- \/module plain text -->        <\/div>\n                        <\/div>\n        <\/div>\n        <\/div>\n<!--\/themify_builder_content-->\n\n\n<p><\/p>","protected":false},"excerpt":{"rendered":"","protected":false},"author":1,"featured_media":0,"parent":0,"menu_order":0,"comment_status":"closed","ping_status":"closed","template":"","meta":{"footnotes":""},"class_list":["post-73","page","type-page","status-publish","hentry","has-post-title","has-post-date","has-post-category","has-post-tag","has-post-comment","has-post-author",""],"builder_content":"\n<p>About Us<\/p>\n\n<p>WELCOME TO THE WORLD OF PERFECT INGREDIENTS!<\/p>\n\n<img src=\"https:\/\/bromex.com.ro\/wp-content\/uploads\/2025\/12\/kim-jestesmy-bromex.webp\" title=\"kim-jestesmy-bromex\" alt=\"kim-jestesmy-bromex\" srcset=\"https:\/\/bromex.com.ro\/wp-content\/uploads\/2025\/12\/kim-jestesmy-bromex.webp 1535w, https:\/\/bromex.com.ro\/wp-content\/uploads\/2025\/12\/kim-jestesmy-bromex-300x199.webp 300w, https:\/\/bromex.com.ro\/wp-content\/uploads\/2025\/12\/kim-jestesmy-bromex-1024x678.webp 1024w, https:\/\/bromex.com.ro\/wp-content\/uploads\/2025\/12\/kim-jestesmy-bromex-768x509.webp 768w\" sizes=\"(max-width: 1535px) 100vw, 1535px\" \/>\n<p>Who are we?<\/p>\n<p>We are a Polish family business with nearly 25 years of experience on the market. We deliver high-quality herbs, spice seeds, groats, flour, and roots to customers around the world. Our portfolio includes nearly 90 carefully selected assortment items.<\/p>\n<p>How do we work?<\/p>\n<p>Thanks to many years of experience, we have built an extensive network of trusted raw material suppliers, which allows us to dynamically respond to changing market needs and the latest trends. We are also constantly developing our \u2018farm-to-table\u2019 production model, using our own agricultural land in the Kuyavian-Pomeranian Province. This gives us complete control over every stage of production \u2013 from seed selection, through sowing and growth, to harvesting the crops.<\/p>\n<img src=\"https:\/\/bromex.com.ro\/wp-content\/uploads\/2025\/12\/jak-pracujemy-bromex-1536x1021-1.webp\" title=\"jak-pracujemy-bromex-1536x1021\" alt=\"jak-pracujemy-bromex-1536x1021\" srcset=\"https:\/\/bromex.com.ro\/wp-content\/uploads\/2025\/12\/jak-pracujemy-bromex-1536x1021-1.webp 1536w, https:\/\/bromex.com.ro\/wp-content\/uploads\/2025\/12\/jak-pracujemy-bromex-1536x1021-1-300x199.webp 300w, https:\/\/bromex.com.ro\/wp-content\/uploads\/2025\/12\/jak-pracujemy-bromex-1536x1021-1-1024x681.webp 1024w, https:\/\/bromex.com.ro\/wp-content\/uploads\/2025\/12\/jak-pracujemy-bromex-1536x1021-1-768x511.webp 768w\" sizes=\"(max-width: 1536px) 100vw, 1536px\" \/>\n<img src=\"https:\/\/bromex.com.ro\/wp-content\/uploads\/2025\/12\/mozliwosci-produkcyjne-bromex-1536x1021-1.webp\" title=\"mozliwosci-produkcyjne-bromex-1536x1021\" alt=\"mozliwosci-produkcyjne-bromex-1536x1021\" srcset=\"https:\/\/bromex.com.ro\/wp-content\/uploads\/2025\/12\/mozliwosci-produkcyjne-bromex-1536x1021-1.webp 1536w, https:\/\/bromex.com.ro\/wp-content\/uploads\/2025\/12\/mozliwosci-produkcyjne-bromex-1536x1021-1-300x199.webp 300w, https:\/\/bromex.com.ro\/wp-content\/uploads\/2025\/12\/mozliwosci-produkcyjne-bromex-1536x1021-1-1024x681.webp 1024w, https:\/\/bromex.com.ro\/wp-content\/uploads\/2025\/12\/mozliwosci-produkcyjne-bromex-1536x1021-1-768x511.webp 768w\" sizes=\"(max-width: 1536px) 100vw, 1536px\" \/>\n<p>Production<br \/>capabilities<\/p>\n<p>From the very beginning of the company\u2019s existence, we have focused on developing our machinery park and warehouse space. Investment and development are embedded in our company\u2019s DNA, which is why we have grain cleaning lines, lines for processing mustard into flour, our own herb drying plants, cryogenic grinding lines, and lines for sterilising herbs and spices. We will also be launching our own groats factory in the near future.<\/p>\n[embed]https:\/\/www.youtube.com\/watch?v=mG7hEjYBi_A[\/embed]\n<p>Company History \u2013 Timeline<\/p>\n\n[cool-timeline]","_links":{"self":[{"href":"https:\/\/bromex.com.ro\/en\/wp-json\/wp\/v2\/pages\/73","targetHints":{"allow":["GET"]}}],"collection":[{"href":"https:\/\/bromex.com.ro\/en\/wp-json\/wp\/v2\/pages"}],"about":[{"href":"https:\/\/bromex.com.ro\/en\/wp-json\/wp\/v2\/types\/page"}],"author":[{"embeddable":true,"href":"https:\/\/bromex.com.ro\/en\/wp-json\/wp\/v2\/users\/1"}],"replies":[{"embeddable":true,"href":"https:\/\/bromex.com.ro\/en\/wp-json\/wp\/v2\/comments?post=73"}],"version-history":[{"count":0,"href":"https:\/\/bromex.com.ro\/en\/wp-json\/wp\/v2\/pages\/73\/revisions"}],"wp:attachment":[{"href":"https:\/\/bromex.com.ro\/en\/wp-json\/wp\/v2\/media?parent=73"}],"curies":[{"name":"wp","href":"https:\/\/api.w.org\/{rel}","templated":true}]}}